{"id":1121,"date":"2026-04-30T03:12:07","date_gmt":"2026-04-30T03:12:07","guid":{"rendered":"https:\/\/marrakechdesertspirit.com\/?page_id=1121"},"modified":"2026-04-30T15:25:54","modified_gmt":"2026-04-30T15:25:54","slug":"hebergement","status":"publish","type":"page","link":"https:\/\/marrakechdesertspirit.com\/en\/hebergement\/","title":{"rendered":"Accommodation"},"content":{"rendered":"<div data-elementor-type=\"wp-page\" data-elementor-id=\"1121\" class=\"elementor elementor-1121\">\n\t\t\t\t<div class=\"elementor-element elementor-element-425c9add e-flex e-con-boxed e-con e-parent\" data-id=\"425c9add\" data-element_type=\"container\" data-e-type=\"container\" data-settings=\"{&quot;background_background&quot;:&quot;classic&quot;}\">\n\t\t\t\t\t<div class=\"e-con-inner\">\n\t\t\t\t<div class=\"elementor-element elementor-element-876b9bc ekit-equal-height-disable elementor-widget elementor-widget-elementskit-icon-box\" data-id=\"876b9bc\" data-element_type=\"widget\" data-e-type=\"widget\" data-widget_type=\"elementskit-icon-box.default\">\n\t\t\t\t\t<div class=\"ekit-wid-con\" >        <!-- link opening -->\n                <!-- end link opening -->\n\n        <div class=\"elementskit-infobox text- text-left icon-lef-right-aligin elementor-animation- media\">\n                            <div class=\"elementskit-box-header\">\n                <div class=\"elementskit-info-box-icon text-center\">\n                    <img fetchpriority=\"high\" decoding=\"async\" width=\"513\" height=\"512\" src=\"https:\/\/marrakechdesertspirit.com\/wp-content\/uploads\/2026\/04\/icon-tree-brown.png\" class=\"attachment- size-\" alt=\"\" srcset=\"https:\/\/marrakechdesertspirit.com\/wp-content\/uploads\/2026\/04\/icon-tree-brown.png 513w, https:\/\/marrakechdesertspirit.com\/wp-content\/uploads\/2026\/04\/icon-tree-brown-300x300.png 300w, https:\/\/marrakechdesertspirit.com\/wp-content\/uploads\/2026\/04\/icon-tree-brown-150x150.png 150w\" sizes=\"(max-width: 513px) 100vw, 513px\" \/>                <\/div>\n          <\/div>\n                <div class=\"box-body\">\n                            <span class=\"elementskit-info-box-title\">\n                    Unique Accommodation &amp; Guest Experience                <\/span>\n                                            <\/div>\n        \n        \n                <\/div>\n        <\/div>\t\t\t\t<\/div>\n\t\t\t\t<div class=\"elementor-element elementor-element-64af1307 elementor-widget__width-inherit elementor-widget elementor-widget-heading\" data-id=\"64af1307\" data-element_type=\"widget\" data-e-type=\"widget\" data-widget_type=\"heading.default\">\n\t\t\t\t\t<h1 class=\"elementor-heading-title elementor-size-default\">Coming Soon\n<\/h1>\t\t\t\t<\/div>\n\t\t<div class=\"elementor-element elementor-element-575d75be e-con-full e-flex e-con e-child\" data-id=\"575d75be\" data-element_type=\"container\" data-e-type=\"container\">\n\t\t\t\t<div class=\"elementor-element elementor-element-507ded78 elementor-icon-list--layout-inline elementor-list-item-link-full_width elementor-widget elementor-widget-icon-list\" data-id=\"507ded78\" data-element_type=\"widget\" data-e-type=\"widget\" data-widget_type=\"icon-list.default\">\n\t\t\t\t\t\t\t<ul class=\"elementor-icon-list-items elementor-inline-items\">\n\t\t\t\t\t\t\t<li class=\"elementor-icon-list-item elementor-inline-item\">\n\t\t\t\t\t\t\t\t\t\t\t<a href=\"https:\/\/marrakechdesertspirit.com\/en\/\">\n\n\t\t\t\t\t\t\t\t\t\t\t<span class=\"elementor-icon-list-text\">Home<\/span>\n\t\t\t\t\t\t\t\t\t\t\t<\/a>\n\t\t\t\t\t\t\t\t\t<\/li>\n\t\t\t\t\t\t<\/ul>\n\t\t\t\t\t\t<\/div>\n\t\t\t\t<div class=\"elementor-element elementor-element-4c8710b6 elementor-icon-list--layout-inline elementor-align-start elementor-list-item-link-full_width elementor-widget elementor-widget-icon-list\" data-id=\"4c8710b6\" data-element_type=\"widget\" data-e-type=\"widget\" data-widget_type=\"icon-list.default\">\n\t\t\t\t\t\t\t<ul class=\"elementor-icon-list-items elementor-inline-items\">\n\t\t\t\t\t\t\t<li class=\"elementor-icon-list-item elementor-inline-item\">\n\t\t\t\t\t\t\t\t\t\t\t<span class=\"elementor-icon-list-icon\">\n\t\t\t\t\t\t\t<svg aria-hidden=\"true\" class=\"e-font-icon-svg e-fas-chevron-right\" viewbox=\"0 0 320 512\" xmlns=\"http:\/\/www.w3.org\/2000\/svg\"><path d=\"M285.476 272.971L91.132 467.314c-9.373 9.373-24.569 9.373-33.941 0l-22.667-22.667c-9.357-9.357-9.375-24.522-.04-33.901L188.505 256 34.484 101.255c-9.335-9.379-9.317-24.544.04-33.901l22.667-22.667c9.373-9.373 24.569-9.373 33.941 0L285.475 239.03c9.373 9.372 9.373 24.568.001 33.941z\"><\/path><\/svg>\t\t\t\t\t\t<\/span>\n\t\t\t\t\t\t\t\t\t\t<span class=\"elementor-icon-list-text\">Accommodation<\/span>\n\t\t\t\t\t\t\t\t\t<\/li>\n\t\t\t\t\t\t<\/ul>\n\t\t\t\t\t\t<\/div>\n\t\t\t\t<\/div>\n\t\t\t\t\t<\/div>\n\t\t\t\t<\/div>\n\t\t<div class=\"elementor-element elementor-element-25b99f45 e-flex e-con-boxed e-con e-parent\" data-id=\"25b99f45\" data-element_type=\"container\" data-e-type=\"container\">\n\t\t\t\t\t<div class=\"e-con-inner\">\n\t\t<div class=\"elementor-element elementor-element-658436c2 e-con-full e-flex e-con e-child\" data-id=\"658436c2\" data-element_type=\"container\" data-e-type=\"container\">\n\t\t<div class=\"elementor-element elementor-element-7065b9b e-con-full e-flex e-con e-child\" data-id=\"7065b9b\" data-element_type=\"container\" data-e-type=\"container\">\n\t\t<div class=\"elementor-element elementor-element-4854b9e e-con-full e-flex e-con e-child\" data-id=\"4854b9e\" data-element_type=\"container\" data-e-type=\"container\" data-settings=\"{&quot;background_background&quot;:&quot;classic&quot;}\">\n\t\t\t\t<div class=\"elementor-element elementor-element-c7e4cd2 ekit-equal-height-disable elementor-widget elementor-widget-elementskit-icon-box\" data-id=\"c7e4cd2\" data-element_type=\"widget\" data-e-type=\"widget\" data-widget_type=\"elementskit-icon-box.default\">\n\t\t\t\t\t<div class=\"ekit-wid-con\" >        <!-- link opening -->\n                <!-- end link opening -->\n\n        <div class=\"elementskit-infobox text- text-left icon-lef-right-aligin elementor-animation- media\">\n                            <div class=\"elementskit-box-header\">\n                <div class=\"elementskit-info-box-icon text-center\">\n                    <img decoding=\"async\" width=\"512\" height=\"512\" src=\"https:\/\/marrakechdesertspirit.com\/wp-content\/uploads\/2026\/04\/icon-treewhite.png\" class=\"attachment- size-\" alt=\"\" srcset=\"https:\/\/marrakechdesertspirit.com\/wp-content\/uploads\/2026\/04\/icon-treewhite.png 512w, https:\/\/marrakechdesertspirit.com\/wp-content\/uploads\/2026\/04\/icon-treewhite-300x300.png 300w, https:\/\/marrakechdesertspirit.com\/wp-content\/uploads\/2026\/04\/icon-treewhite-150x150.png 150w\" sizes=\"(max-width: 512px) 100vw, 512px\" \/>                <\/div>\n          <\/div>\n                <div class=\"box-body\">\n                            <span class=\"elementskit-info-box-title\">\n                    Accommodation Experience                <\/span>\n                                            <\/div>\n        \n        \n                <\/div>\n        <\/div>\t\t\t\t<\/div>\n\t\t\t\t<div class=\"elementor-element elementor-element-9ae3c3e elementor-widget-tablet__width-initial elementor-widget elementor-widget-heading\" data-id=\"9ae3c3e\" data-element_type=\"widget\" data-e-type=\"widget\" data-widget_type=\"heading.default\">\n\t\t\t\t\t<h1 class=\"elementor-heading-title elementor-size-default\">Coming Soon<\/h1>\t\t\t\t<\/div>\n\t\t\t\t<div class=\"elementor-element elementor-element-0705416 elementor-widget elementor-widget-text-editor\" data-id=\"0705416\" data-element_type=\"widget\" data-e-type=\"widget\" data-widget_type=\"text-editor.default\">\n\t\t\t\t\t\t\t\t\t<p data-start=\"111\" data-end=\"686\">Experience a unique stay in the heart of the Agafay Desert in our suites and domes designed to combine comfort, authenticity, and total immersion in nature. Each accommodation offers a warm and refined atmosphere, with breathtaking views of the desert and the Atlas Mountains. Enjoy a peaceful stay away from city stress, where every detail is designed for your comfort and relaxation. Between elegant design, natural materials, and an exceptional setting, our accommodations promise an unforgettable escape under the starry sky of the Moroccan desert.<\/p>\t\t\t\t\t\t\t\t<\/div>\n\t\t\t\t<\/div>\n\t\t\t\t<\/div>\n\t\t\t\t<\/div>\n\t\t\t\t\t<\/div>\n\t\t\t\t<\/div>\n\t\t<div class=\"elementor-element elementor-element-2569a56 e-flex e-con-boxed e-con e-parent\" data-id=\"2569a56\" data-element_type=\"container\" data-e-type=\"container\">\n\t\t\t\t\t<div class=\"e-con-inner\">\n\t\t<div class=\"elementor-element elementor-element-5f18af8 e-con-full e-grid e-con e-child\" data-id=\"5f18af8\" data-element_type=\"container\" data-e-type=\"container\" data-settings=\"{&quot;background_background&quot;:&quot;classic&quot;}\">\n\t\t\t\t<div class=\"elementor-element elementor-element-916e534 elementor-widget elementor-widget-image\" data-id=\"916e534\" data-element_type=\"widget\" data-e-type=\"widget\" data-widget_type=\"image.default\">\n\t\t\t\t\t\t\t\t\t\t\t\t\t\t\t<img decoding=\"async\" width=\"800\" height=\"534\" src=\"https:\/\/marrakechdesertspirit.com\/wp-content\/uploads\/2026\/04\/dome-3-1024x683.jpg\" class=\"attachment-large size-large wp-image-1127\" alt=\"\" srcset=\"https:\/\/marrakechdesertspirit.com\/wp-content\/uploads\/2026\/04\/dome-3-1024x683.jpg 1024w, https:\/\/marrakechdesertspirit.com\/wp-content\/uploads\/2026\/04\/dome-3-300x200.jpg 300w, https:\/\/marrakechdesertspirit.com\/wp-content\/uploads\/2026\/04\/dome-3-768x512.jpg 768w, https:\/\/marrakechdesertspirit.com\/wp-content\/uploads\/2026\/04\/dome-3.jpg 1280w\" sizes=\"(max-width: 800px) 100vw, 800px\" \/>\t\t\t\t\t\t\t\t\t\t\t\t\t\t\t<\/div>\n\t\t\t\t<div class=\"elementor-element elementor-element-8accb05 elementor-widget elementor-widget-image\" data-id=\"8accb05\" data-element_type=\"widget\" data-e-type=\"widget\" data-widget_type=\"image.default\">\n\t\t\t\t\t\t\t\t\t\t\t\t\t\t\t<img loading=\"lazy\" decoding=\"async\" width=\"1280\" height=\"854\" src=\"https:\/\/marrakechdesertspirit.com\/wp-content\/uploads\/2026\/04\/dome-boheme.jpg\" class=\"attachment-full size-full wp-image-1128\" alt=\"\" srcset=\"https:\/\/marrakechdesertspirit.com\/wp-content\/uploads\/2026\/04\/dome-boheme.jpg 1280w, https:\/\/marrakechdesertspirit.com\/wp-content\/uploads\/2026\/04\/dome-boheme-300x200.jpg 300w, https:\/\/marrakechdesertspirit.com\/wp-content\/uploads\/2026\/04\/dome-boheme-1024x683.jpg 1024w, https:\/\/marrakechdesertspirit.com\/wp-content\/uploads\/2026\/04\/dome-boheme-768x512.jpg 768w\" sizes=\"(max-width: 1280px) 100vw, 1280px\" \/>\t\t\t\t\t\t\t\t\t\t\t\t\t\t\t<\/div>\n\t\t\t\t<div class=\"elementor-element elementor-element-8fea68a elementor-widget elementor-widget-image\" data-id=\"8fea68a\" data-element_type=\"widget\" data-e-type=\"widget\" data-widget_type=\"image.default\">\n\t\t\t\t\t\t\t\t\t\t\t\t\t\t\t<img loading=\"lazy\" decoding=\"async\" width=\"800\" height=\"450\" src=\"https:\/\/marrakechdesertspirit.com\/wp-content\/uploads\/2026\/04\/C0123T01-1024x576.jpg\" class=\"attachment-large size-large wp-image-1129\" alt=\"\" srcset=\"https:\/\/marrakechdesertspirit.com\/wp-content\/uploads\/2026\/04\/C0123T01-1024x576.jpg 1024w, https:\/\/marrakechdesertspirit.com\/wp-content\/uploads\/2026\/04\/C0123T01-300x169.jpg 300w, https:\/\/marrakechdesertspirit.com\/wp-content\/uploads\/2026\/04\/C0123T01-768x432.jpg 768w, https:\/\/marrakechdesertspirit.com\/wp-content\/uploads\/2026\/04\/C0123T01.jpg 1280w\" sizes=\"(max-width: 800px) 100vw, 800px\" \/>\t\t\t\t\t\t\t\t\t\t\t\t\t\t\t<\/div>\n\t\t\t\t<\/div>\n\t\t\t\t\t<\/div>\n\t\t\t\t<\/div>\n\t\t\t\t<\/div>\n\t\t\n    <div class=\"xs_social_share_widget xs_share_url after_content \t\tmain_content  wslu-style-1 wslu-share-box-shaped wslu-fill-colored wslu-none wslu-share-horizontal wslu-theme-font-no wslu-main_content\">\n\n\t\t\n        <ul>\n\t\t\t        <\/ul>\n    <\/div>","protected":false},"excerpt":{"rendered":"<p>H\u00e9bergement insolite &amp; exp\u00e9rience client Coming Soon Home H\u00e9bergements H\u00e9bergement Experience Coming Soon Vivez une exp\u00e9rience unique au c\u0153ur du d\u00e9sert d\u2019Agafay dans nos suites et d\u00f4mes con\u00e7us pour allier confort, authenticit\u00e9 et immersion totale dans la nature. Chaque h\u00e9bergement offre une atmosph\u00e8re chaleureuse et raffin\u00e9e, avec des vues imprenables sur le d\u00e9sert et les [&hellip;]<\/p>\n","protected":false},"author":2,"featured_media":0,"parent":0,"menu_order":0,"comment_status":"closed","ping_status":"closed","template":"","meta":{"postBodyCss":"","postBodyMargin":[],"postBodyPadding":[],"postBodyBackground":{"backgroundType":"classic","gradient":""},"footnotes":""},"class_list":["post-1121","page","type-page","status-publish","hentry"],"_links":{"self":[{"href":"https:\/\/marrakechdesertspirit.com\/en\/wp-json\/wp\/v2\/pages\/1121","targetHints":{"allow":["GET"]}}],"collection":[{"href":"https:\/\/marrakechdesertspirit.com\/en\/wp-json\/wp\/v2\/pages"}],"about":[{"href":"https:\/\/marrakechdesertspirit.com\/en\/wp-json\/wp\/v2\/types\/page"}],"author":[{"embeddable":true,"href":"https:\/\/marrakechdesertspirit.com\/en\/wp-json\/wp\/v2\/users\/2"}],"replies":[{"embeddable":true,"href":"https:\/\/marrakechdesertspirit.com\/en\/wp-json\/wp\/v2\/comments?post=1121"}],"version-history":[{"count":28,"href":"https:\/\/marrakechdesertspirit.com\/en\/wp-json\/wp\/v2\/pages\/1121\/revisions"}],"predecessor-version":[{"id":1223,"href":"https:\/\/marrakechdesertspirit.com\/en\/wp-json\/wp\/v2\/pages\/1121\/revisions\/1223"}],"wp:attachment":[{"href":"https:\/\/marrakechdesertspirit.com\/en\/wp-json\/wp\/v2\/media?parent=1121"}],"curies":[{"name":"wp","href":"https:\/\/api.w.org\/{rel}","templated":true}]}}