{"id":1090,"date":"2026-04-30T02:10:07","date_gmt":"2026-04-30T02:10:07","guid":{"rendered":"https:\/\/marrakechdesertspirit.com\/?page_id=1090"},"modified":"2026-04-30T15:27:41","modified_gmt":"2026-04-30T15:27:41","slug":"restaurant","status":"publish","type":"page","link":"https:\/\/marrakechdesertspirit.com\/es\/restaurant\/","title":{"rendered":"Restaurant"},"content":{"rendered":"<div data-elementor-type=\"wp-page\" data-elementor-id=\"1090\" class=\"elementor elementor-1090\">\n\t\t\t\t<div class=\"elementor-element elementor-element-2491927 e-flex e-con-boxed e-con e-parent\" data-id=\"2491927\" data-element_type=\"container\" data-e-type=\"container\" data-settings=\"{&quot;background_background&quot;:&quot;classic&quot;}\">\n\t\t\t\t\t<div class=\"e-con-inner\">\n\t\t<div class=\"elementor-element elementor-element-e79b92a e-con-full e-flex e-con e-child\" data-id=\"e79b92a\" data-element_type=\"container\" data-e-type=\"container\">\n\t\t\t\t<div class=\"elementor-element elementor-element-92e9359 ekit-equal-height-disable elementor-widget elementor-widget-elementskit-icon-box\" data-id=\"92e9359\" data-element_type=\"widget\" data-e-type=\"widget\" data-widget_type=\"elementskit-icon-box.default\">\n\t\t\t\t\t<div class=\"ekit-wid-con\" >        <!-- link opening -->\n                <!-- end link opening -->\n\n        <div class=\"elementskit-infobox text- text-left icon-lef-right-aligin elementor-animation- media\">\n                            <div class=\"elementskit-box-header\">\n                <div class=\"elementskit-info-box-icon text-center\">\n                    <img fetchpriority=\"high\" decoding=\"async\" width=\"513\" height=\"512\" src=\"https:\/\/marrakechdesertspirit.com\/wp-content\/uploads\/2026\/04\/icon-tree-brown.png\" class=\"attachment- size-\" alt=\"\" srcset=\"https:\/\/marrakechdesertspirit.com\/wp-content\/uploads\/2026\/04\/icon-tree-brown.png 513w, https:\/\/marrakechdesertspirit.com\/wp-content\/uploads\/2026\/04\/icon-tree-brown-300x300.png 300w, https:\/\/marrakechdesertspirit.com\/wp-content\/uploads\/2026\/04\/icon-tree-brown-150x150.png 150w\" sizes=\"(max-width: 513px) 100vw, 513px\" \/>                <\/div>\n          <\/div>\n                <div class=\"box-body\">\n                            <span class=\"elementskit-info-box-title\">\n                    Experiencia de restaurante                <\/span>\n                                            <\/div>\n        \n        \n                <\/div>\n        <\/div>\t\t\t\t<\/div>\n\t\t\t\t<div class=\"elementor-element elementor-element-8a341ab elementor-widget__width-initial elementor-widget elementor-widget-heading\" data-id=\"8a341ab\" data-element_type=\"widget\" data-e-type=\"widget\" data-widget_type=\"heading.default\">\n\t\t\t\t\t<h1 class=\"elementor-heading-title elementor-size-default\">Pr\u00f3ximamente<\/h1>\t\t\t\t<\/div>\n\t\t\t\t<div class=\"elementor-element elementor-element-65e225d elementor-widget__width-initial elementor-widget elementor-widget-text-editor\" data-id=\"65e225d\" data-element_type=\"widget\" data-e-type=\"widget\" data-widget_type=\"text-editor.default\">\n\t\t\t\t\t\t\t\t\t<p data-start=\"135\" data-end=\"308\">Pr\u00f3ximamente, nuestra experiencia de restaurante te invita a descubrir los sabores aut\u00e9nticos de la cocina marroqu\u00ed en un entorno encantador en el coraz\u00f3n del desierto de Agafay.<\/p><p data-start=\"310\" data-end=\"584\">Disfruta de platos con sabores locales preparados con ingredientes frescos, mientras disfrutas de un ambiente \u00fanico entre naturaleza, relajaci\u00f3n y espectaculares atardeceres. Vive momentos inolvidables alrededor de una fogata en un ambiente c\u00e1lido e inmersivo.<\/p>\t\t\t\t\t\t\t\t<\/div>\n\t\t<div class=\"elementor-element elementor-element-c5776a2 e-con-full e-flex e-con e-child\" data-id=\"c5776a2\" data-element_type=\"container\" data-e-type=\"container\">\n\t\t\t\t<\/div>\n\t\t\t\t<\/div>\n\t\t\t\t\t<\/div>\n\t\t\t\t<\/div>\n\t\t<div class=\"elementor-element elementor-element-32290637 e-flex e-con-boxed e-con e-parent\" data-id=\"32290637\" data-element_type=\"container\" data-e-type=\"container\">\n\t\t\t\t\t<div class=\"e-con-inner\">\n\t\t<div class=\"elementor-element elementor-element-50ff5bac e-con-full e-flex e-con e-child\" data-id=\"50ff5bac\" data-element_type=\"container\" data-e-type=\"container\" data-settings=\"{&quot;background_background&quot;:&quot;classic&quot;}\">\n\t\t\t\t<div class=\"elementor-element elementor-element-f7d63f8 ekit-equal-height-disable elementor-widget elementor-widget-elementskit-icon-box\" data-id=\"f7d63f8\" data-element_type=\"widget\" data-e-type=\"widget\" data-widget_type=\"elementskit-icon-box.default\">\n\t\t\t\t\t<div class=\"ekit-wid-con\" >        <!-- link opening -->\n                <!-- end link opening -->\n\n        <div class=\"elementskit-infobox text- text-left icon-lef-right-aligin elementor-animation- media\">\n                            <div class=\"elementskit-box-header\">\n                <div class=\"elementskit-info-box-icon text-center\">\n                    <img decoding=\"async\" width=\"512\" height=\"512\" src=\"https:\/\/marrakechdesertspirit.com\/wp-content\/uploads\/2026\/04\/icon-treewhite.png\" class=\"attachment- size-\" alt=\"\" srcset=\"https:\/\/marrakechdesertspirit.com\/wp-content\/uploads\/2026\/04\/icon-treewhite.png 512w, https:\/\/marrakechdesertspirit.com\/wp-content\/uploads\/2026\/04\/icon-treewhite-300x300.png 300w, https:\/\/marrakechdesertspirit.com\/wp-content\/uploads\/2026\/04\/icon-treewhite-150x150.png 150w\" sizes=\"(max-width: 512px) 100vw, 512px\" \/>                <\/div>\n          <\/div>\n                <div class=\"box-body\">\n                            <span class=\"elementskit-info-box-title\">\n                    Experiencia de restaurante                <\/span>\n                                            <\/div>\n        \n        \n                <\/div>\n        <\/div>\t\t\t\t<\/div>\n\t\t\t\t<div class=\"elementor-element elementor-element-4f6ff015 elementor-widget-tablet__width-initial elementor-widget elementor-widget-heading\" data-id=\"4f6ff015\" data-element_type=\"widget\" data-e-type=\"widget\" data-widget_type=\"heading.default\">\n\t\t\t\t\t<h1 class=\"elementor-heading-title elementor-size-default\">Pr\u00f3ximamente<\/h1>\t\t\t\t<\/div>\n\t\t\t\t<div class=\"elementor-element elementor-element-6d338065 elementor-widget elementor-widget-text-editor\" data-id=\"6d338065\" data-element_type=\"widget\" data-e-type=\"widget\" data-widget_type=\"text-editor.default\">\n\t\t\t\t\t\t\t\t\t<p data-start=\"618\" data-end=\"721\">Esta experiencia ofrecer\u00e1 una f\u00f3rmula completa que combina almuerzo y cena en un entorno excepcional.<\/p>\t\t\t\t\t\t\t\t<\/div>\n\t\t\t\t<\/div>\n\t\t\t\t\t<\/div>\n\t\t\t\t<\/div>\n\t\t\t\t<\/div>\n\t\t\n    <div class=\"xs_social_share_widget xs_share_url after_content \t\tmain_content  wslu-style-1 wslu-share-box-shaped wslu-fill-colored wslu-none wslu-share-horizontal wslu-theme-font-no wslu-main_content\">\n\n\t\t\n        <ul>\n\t\t\t        <\/ul>\n    <\/div>","protected":false},"excerpt":{"rendered":"<p>Restaurant Experience Coming Soon Bient\u00f4t disponible, notre exp\u00e9rience restaurant vous invite \u00e0 d\u00e9couvrir les saveurs authentiques de la cuisine marocaine dans un cadre enchanteur au c\u0153ur du d\u00e9sert d\u2019Agafay. D\u00e9gustez des plats aux saveurs locales pr\u00e9par\u00e9s avec des ingr\u00e9dients frais, tout en profitant d\u2019une ambiance unique entre nature, d\u00e9tente et coucher de soleil spectaculaire. Vivez [&hellip;]<\/p>\n","protected":false},"author":2,"featured_media":0,"parent":0,"menu_order":0,"comment_status":"closed","ping_status":"closed","template":"","meta":{"postBodyCss":"","postBodyMargin":[],"postBodyPadding":[],"postBodyBackground":{"backgroundType":"classic","gradient":""},"footnotes":""},"class_list":["post-1090","page","type-page","status-publish","hentry"],"_links":{"self":[{"href":"https:\/\/marrakechdesertspirit.com\/es\/wp-json\/wp\/v2\/pages\/1090","targetHints":{"allow":["GET"]}}],"collection":[{"href":"https:\/\/marrakechdesertspirit.com\/es\/wp-json\/wp\/v2\/pages"}],"about":[{"href":"https:\/\/marrakechdesertspirit.com\/es\/wp-json\/wp\/v2\/types\/page"}],"author":[{"embeddable":true,"href":"https:\/\/marrakechdesertspirit.com\/es\/wp-json\/wp\/v2\/users\/2"}],"replies":[{"embeddable":true,"href":"https:\/\/marrakechdesertspirit.com\/es\/wp-json\/wp\/v2\/comments?post=1090"}],"version-history":[{"count":22,"href":"https:\/\/marrakechdesertspirit.com\/es\/wp-json\/wp\/v2\/pages\/1090\/revisions"}],"predecessor-version":[{"id":1226,"href":"https:\/\/marrakechdesertspirit.com\/es\/wp-json\/wp\/v2\/pages\/1090\/revisions\/1226"}],"wp:attachment":[{"href":"https:\/\/marrakechdesertspirit.com\/es\/wp-json\/wp\/v2\/media?parent=1090"}],"curies":[{"name":"wp","href":"https:\/\/api.w.org\/{rel}","templated":true}]}}