{"id":1152,"date":"2026-04-30T03:33:34","date_gmt":"2026-04-30T03:33:34","guid":{"rendered":"https:\/\/marrakechdesertspirit.com\/?page_id=1152"},"modified":"2026-05-08T03:16:11","modified_gmt":"2026-05-08T03:16:11","slug":"contact","status":"publish","type":"page","link":"https:\/\/marrakechdesertspirit.com\/es\/contact\/","title":{"rendered":"Contacto"},"content":{"rendered":"<div data-elementor-type=\"wp-page\" data-elementor-id=\"1152\" class=\"elementor elementor-1152\">\n\t\t\t\t<div class=\"elementor-element elementor-element-29e8288f e-flex e-con-boxed e-con e-parent\" data-id=\"29e8288f\" data-element_type=\"container\" data-e-type=\"container\" data-settings=\"{&quot;background_background&quot;:&quot;classic&quot;}\">\n\t\t\t\t\t<div class=\"e-con-inner\">\n\t\t\t\t<div class=\"elementor-element elementor-element-1454d36d elementor-widget__width-inherit elementor-widget elementor-widget-heading\" data-id=\"1454d36d\" data-element_type=\"widget\" data-e-type=\"widget\" data-widget_type=\"heading.default\">\n\t\t\t\t\t<h1 class=\"elementor-heading-title elementor-size-default\">Cont\u00e1ctanos<\/h1>\t\t\t\t<\/div>\n\t\t<div class=\"elementor-element elementor-element-6a0d7ea6 e-con-full e-flex e-con e-child\" data-id=\"6a0d7ea6\" data-element_type=\"container\" data-e-type=\"container\">\n\t\t\t\t<div class=\"elementor-element elementor-element-1b71a32e elementor-icon-list--layout-inline elementor-list-item-link-full_width elementor-widget elementor-widget-icon-list\" data-id=\"1b71a32e\" data-element_type=\"widget\" data-e-type=\"widget\" data-widget_type=\"icon-list.default\">\n\t\t\t\t\t\t\t<ul class=\"elementor-icon-list-items elementor-inline-items\">\n\t\t\t\t\t\t\t<li class=\"elementor-icon-list-item elementor-inline-item\">\n\t\t\t\t\t\t\t\t\t\t\t<a href=\"https:\/\/marrakechdesertspirit.com\/es\/\">\n\n\t\t\t\t\t\t\t\t\t\t\t<span class=\"elementor-icon-list-text\">Inicio<\/span>\n\t\t\t\t\t\t\t\t\t\t\t<\/a>\n\t\t\t\t\t\t\t\t\t<\/li>\n\t\t\t\t\t\t<\/ul>\n\t\t\t\t\t\t<\/div>\n\t\t\t\t<div class=\"elementor-element elementor-element-180b2b95 elementor-icon-list--layout-inline elementor-align-start elementor-list-item-link-full_width elementor-widget elementor-widget-icon-list\" data-id=\"180b2b95\" data-element_type=\"widget\" data-e-type=\"widget\" data-widget_type=\"icon-list.default\">\n\t\t\t\t\t\t\t<ul class=\"elementor-icon-list-items elementor-inline-items\">\n\t\t\t\t\t\t\t<li class=\"elementor-icon-list-item elementor-inline-item\">\n\t\t\t\t\t\t\t\t\t\t\t<span class=\"elementor-icon-list-icon\">\n\t\t\t\t\t\t\t<svg aria-hidden=\"true\" class=\"e-font-icon-svg e-fas-chevron-right\" viewbox=\"0 0 320 512\" xmlns=\"http:\/\/www.w3.org\/2000\/svg\"><path d=\"M285.476 272.971L91.132 467.314c-9.373 9.373-24.569 9.373-33.941 0l-22.667-22.667c-9.357-9.357-9.375-24.522-.04-33.901L188.505 256 34.484 101.255c-9.335-9.379-9.317-24.544.04-33.901l22.667-22.667c9.373-9.373 24.569-9.373 33.941 0L285.475 239.03c9.373 9.372 9.373 24.568.001 33.941z\"><\/path><\/svg>\t\t\t\t\t\t<\/span>\n\t\t\t\t\t\t\t\t\t\t<span class=\"elementor-icon-list-text\">Contactez<\/span>\n\t\t\t\t\t\t\t\t\t<\/li>\n\t\t\t\t\t\t<\/ul>\n\t\t\t\t\t\t<\/div>\n\t\t\t\t<\/div>\n\t\t\t\t\t<\/div>\n\t\t\t\t<\/div>\n\t\t<div class=\"elementor-element elementor-element-32666ffa e-flex e-con-boxed e-con e-parent\" data-id=\"32666ffa\" data-element_type=\"container\" data-e-type=\"container\" data-settings=\"{&quot;background_background&quot;:&quot;classic&quot;}\">\n\t\t\t\t\t<div class=\"e-con-inner\">\n\t\t<div class=\"elementor-element elementor-element-157f3932 e-con-full e-flex e-con e-child\" data-id=\"157f3932\" data-element_type=\"container\" data-e-type=\"container\">\n\t\t<div class=\"elementor-element elementor-element-6e2575f e-con-full e-flex e-con e-child\" data-id=\"6e2575f\" data-element_type=\"container\" data-e-type=\"container\">\n\t\t<div class=\"elementor-element elementor-element-f4a73d7 e-con-full e-flex e-con e-child\" data-id=\"f4a73d7\" data-element_type=\"container\" data-e-type=\"container\" data-settings=\"{&quot;background_background&quot;:&quot;classic&quot;}\">\n\t\t\t\t<div class=\"elementor-element elementor-element-313ee6b8 elementor-view-default elementor-widget elementor-widget-icon\" data-id=\"313ee6b8\" data-element_type=\"widget\" data-e-type=\"widget\" data-widget_type=\"icon.default\">\n\t\t\t\t\t\t\t<div class=\"elementor-icon-wrapper\">\n\t\t\t<a class=\"elementor-icon\" href=\"tel:+212621414282\">\n\t\t\t<svg aria-hidden=\"true\" class=\"e-font-icon-svg e-fas-phone-alt\" viewbox=\"0 0 512 512\" xmlns=\"http:\/\/www.w3.org\/2000\/svg\"><path d=\"M497.39 361.8l-112-48a24 24 0 0 0-28 6.9l-49.6 60.6A370.66 370.66 0 0 1 130.6 204.11l60.6-49.6a23.94 23.94 0 0 0 6.9-28l-48-112A24.16 24.16 0 0 0 122.6.61l-104 24A24 24 0 0 0 0 48c0 256.5 207.9 464 464 464a24 24 0 0 0 23.4-18.6l24-104a24.29 24.29 0 0 0-14.01-27.6z\"><\/path><\/svg>\t\t\t<\/a>\n\t\t<\/div>\n\t\t\t\t\t\t<\/div>\n\t\t<div class=\"elementor-element elementor-element-7597475f e-con-full e-flex e-con e-child\" data-id=\"7597475f\" data-element_type=\"container\" data-e-type=\"container\">\n\t\t\t\t<div class=\"elementor-element elementor-element-2969e5a6 elementor-widget elementor-widget-heading\" data-id=\"2969e5a6\" data-element_type=\"widget\" data-e-type=\"widget\" data-widget_type=\"heading.default\">\n\t\t\t\t\t<h4 class=\"elementor-heading-title elementor-size-default\"><a href=\"tel:+212621414282\">T\u00e9l\u00e9phone<\/a><\/h4>\t\t\t\t<\/div>\n\t\t\t\t<div class=\"elementor-element elementor-element-1748f50a elementor-widget elementor-widget-heading\" data-id=\"1748f50a\" data-element_type=\"widget\" data-e-type=\"widget\" data-widget_type=\"heading.default\">\n\t\t\t\t\t<h6 class=\"elementor-heading-title elementor-size-default\"><a href=\"tel:+212621414282\">+212 621 414 282<\/a><\/h6>\t\t\t\t<\/div>\n\t\t\t\t<\/div>\n\t\t\t\t<\/div>\n\t\t<div class=\"elementor-element elementor-element-474b364 e-con-full e-flex e-con e-child\" data-id=\"474b364\" data-element_type=\"container\" data-e-type=\"container\" data-settings=\"{&quot;background_background&quot;:&quot;classic&quot;}\">\n\t\t\t\t<div class=\"elementor-element elementor-element-32a64322 elementor-view-default elementor-widget elementor-widget-icon\" data-id=\"32a64322\" data-element_type=\"widget\" data-e-type=\"widget\" data-widget_type=\"icon.default\">\n\t\t\t\t\t\t\t<div class=\"elementor-icon-wrapper\">\n\t\t\t<a class=\"elementor-icon\" href=\"mailto:contact@marrakechdesertspirit.com\">\n\t\t\t<svg aria-hidden=\"true\" class=\"e-font-icon-svg e-fas-envelope\" viewbox=\"0 0 512 512\" xmlns=\"http:\/\/www.w3.org\/2000\/svg\"><path d=\"M502.3 190.8c3.9-3.1 9.7-.2 9.7 4.7V400c0 26.5-21.5 48-48 48H48c-26.5 0-48-21.5-48-48V195.6c0-5 5.7-7.8 9.7-4.7 22.4 17.4 52.1 39.5 154.1 113.6 21.1 15.4 56.7 47.8 92.2 47.6 35.7.3 72-32.8 92.3-47.6 102-74.1 131.6-96.3 154-113.7zM256 320c23.2.4 56.6-29.2 73.4-41.4 132.7-96.3 142.8-104.7 173.4-128.7 5.8-4.5 9.2-11.5 9.2-18.9v-19c0-26.5-21.5-48-48-48H48C21.5 64 0 85.5 0 112v19c0 7.4 3.4 14.3 9.2 18.9 30.6 23.9 40.7 32.4 173.4 128.7 16.8 12.2 50.2 41.8 73.4 41.4z\"><\/path><\/svg>\t\t\t<\/a>\n\t\t<\/div>\n\t\t\t\t\t\t<\/div>\n\t\t<div class=\"elementor-element elementor-element-46893735 e-con-full e-flex e-con e-child\" data-id=\"46893735\" data-element_type=\"container\" data-e-type=\"container\">\n\t\t\t\t<div class=\"elementor-element elementor-element-69937d93 elementor-widget elementor-widget-heading\" data-id=\"69937d93\" data-element_type=\"widget\" data-e-type=\"widget\" data-widget_type=\"heading.default\">\n\t\t\t\t\t<h4 class=\"elementor-heading-title elementor-size-default\"><a href=\"mailto:contact@marrakechdesertspirit.com\">Correo electr\u00f3nico<\/a><\/h4>\t\t\t\t<\/div>\n\t\t\t\t<div class=\"elementor-element elementor-element-3252155b elementor-widget elementor-widget-heading\" data-id=\"3252155b\" data-element_type=\"widget\" data-e-type=\"widget\" data-widget_type=\"heading.default\">\n\t\t\t\t\t<h6 class=\"elementor-heading-title elementor-size-default\"><a href=\"mailto:contact@marrakechdesertspirit.com\">contact@marrakechdesertspirit.com<\/a><\/h6>\t\t\t\t<\/div>\n\t\t\t\t<\/div>\n\t\t\t\t<\/div>\n\t\t<div class=\"elementor-element elementor-element-32140908 e-con-full e-flex e-con e-child\" data-id=\"32140908\" data-element_type=\"container\" data-e-type=\"container\" data-settings=\"{&quot;background_background&quot;:&quot;classic&quot;}\">\n\t\t\t\t<div class=\"elementor-element elementor-element-22d13204 elementor-view-default elementor-widget elementor-widget-icon\" data-id=\"22d13204\" data-element_type=\"widget\" data-e-type=\"widget\" data-widget_type=\"icon.default\">\n\t\t\t\t\t\t\t<div class=\"elementor-icon-wrapper\">\n\t\t\t<a class=\"elementor-icon\" href=\"https:\/\/www.google.com\/maps\/dir\/\/&#039;&#039;\/data=!4m7!4m6!1m1!4e2!1m2!1m1!1s0xdafddb76f872937:0x248ef66bb4b4fd07!3e0?g_mp=CiVnb29nbGUubWFwcy5wbGFjZXMudjEuUGxhY2VzLkdldFBsYWNlEAIYASAA\">\n\t\t\t<svg aria-hidden=\"true\" class=\"e-font-icon-svg e-fas-map-marker-alt\" viewbox=\"0 0 384 512\" xmlns=\"http:\/\/www.w3.org\/2000\/svg\"><path d=\"M172.268 501.67C26.97 291.031 0 269.413 0 192 0 85.961 85.961 0 192 0s192 85.961 192 192c0 77.413-26.97 99.031-172.268 309.67-9.535 13.774-29.93 13.773-39.464 0zM192 272c44.183 0 80-35.817 80-80s-35.817-80-80-80-80 35.817-80 80 35.817 80 80 80z\"><\/path><\/svg>\t\t\t<\/a>\n\t\t<\/div>\n\t\t\t\t\t\t<\/div>\n\t\t<div class=\"elementor-element elementor-element-147c55d2 e-con-full e-flex e-con e-child\" data-id=\"147c55d2\" data-element_type=\"container\" data-e-type=\"container\">\n\t\t\t\t<div class=\"elementor-element elementor-element-6ab1da1f elementor-widget elementor-widget-heading\" data-id=\"6ab1da1f\" data-element_type=\"widget\" data-e-type=\"widget\" data-widget_type=\"heading.default\">\n\t\t\t\t\t<h4 class=\"elementor-heading-title elementor-size-default\"><a href=\"https:\/\/www.google.com\/maps\/dir\/\/&#039;&#039;\/data=!4m7!4m6!1m1!4e2!1m2!1m1!1s0xdafddb76f872937:0x248ef66bb4b4fd07!3e0?g_mp=CiVnb29nbGUubWFwcy5wbGFjZXMudjEuUGxhY2VzLkdldFBsYWNlEAIYASAA\">Address<\/a><\/h4>\t\t\t\t<\/div>\n\t\t\t\t<div class=\"elementor-element elementor-element-5e4f13b elementor-widget elementor-widget-heading\" data-id=\"5e4f13b\" data-element_type=\"widget\" data-e-type=\"widget\" data-widget_type=\"heading.default\">\n\t\t\t\t\t<h6 class=\"elementor-heading-title elementor-size-default\"><a href=\"https:\/\/www.google.com\/maps\/dir\/\/&#039;&#039;\/data=!4m7!4m6!1m1!4e2!1m2!1m1!1s0xdafddb76f872937:0x248ef66bb4b4fd07!3e0?g_mp=CiVnb29nbGUubWFwcy5wbGFjZXMudjEuUGxhY2VzLkdldFBsYWNlEAIYASAA\">marrakech Agafay <\/a><\/h6>\t\t\t\t<\/div>\n\t\t\t\t<\/div>\n\t\t\t\t<\/div>\n\t\t\t\t<div class=\"elementor-element elementor-element-18916a5c elementor-widget elementor-widget-google_maps\" data-id=\"18916a5c\" data-element_type=\"widget\" data-e-type=\"widget\" data-widget_type=\"google_maps.default\">\n\t\t\t\t\t\t\t<div class=\"elementor-custom-embed\">\n\t\t\t<iframe loading=\"lazy\"\n\t\t\t\t\tsrc=\"https:\/\/maps.google.com\/maps?q=D%C3%A9sert%20d%27Agafay%20viewpoint%D8%8C%20FR96%2B94%2C%20Nzala&#038;t=m&#038;z=10&#038;output=embed&#038;iwloc=near\"\n\t\t\t\t\ttitle=\"D\u00e9sert d&#039;Agafay viewpoint\u060c FR96+94, Nzala\"\n\t\t\t\t\taria-label=\"D\u00e9sert d&#039;Agafay viewpoint\u060c FR96+94, Nzala\"\n\t\t\t><\/iframe>\n\t\t<\/div>\n\t\t\t\t\t\t<\/div>\n\t\t\t\t<\/div>\n\t\t\t\t<\/div>\n\t\t\t\t\t<\/div>\n\t\t\t\t<\/div>\n\t\t<div class=\"elementor-element elementor-element-56061965 e-flex e-con-boxed e-con e-parent\" data-id=\"56061965\" data-element_type=\"container\" data-e-type=\"container\" data-settings=\"{&quot;background_background&quot;:&quot;classic&quot;}\">\n\t\t\t\t\t<div class=\"e-con-inner\">\n\t\t<div class=\"elementor-element elementor-element-1f862e1b e-con-full e-flex e-con e-child\" data-id=\"1f862e1b\" data-element_type=\"container\" data-e-type=\"container\">\n\t\t<div class=\"elementor-element elementor-element-7d0ead2f e-flex e-con-boxed e-con e-child\" data-id=\"7d0ead2f\" data-element_type=\"container\" data-e-type=\"container\" data-settings=\"{&quot;background_background&quot;:&quot;classic&quot;}\">\n\t\t\t\t\t<div class=\"e-con-inner\">\n\t\t<div class=\"elementor-element elementor-element-280c09f8 e-con-full e-flex e-con e-child\" data-id=\"280c09f8\" data-element_type=\"container\" data-e-type=\"container\">\n\t\t\t\t<div class=\"elementor-element elementor-element-64c25a5b ekit-equal-height-disable elementor-widget elementor-widget-elementskit-icon-box\" data-id=\"64c25a5b\" data-element_type=\"widget\" data-e-type=\"widget\" data-widget_type=\"elementskit-icon-box.default\">\n\t\t\t\t\t<div class=\"ekit-wid-con\" >        <!-- link opening -->\n                <!-- end link opening -->\n\n        <div class=\"elementskit-infobox text- text-left icon-lef-right-aligin elementor-animation- media\">\n                            <div class=\"elementskit-box-header\">\n                <div class=\"elementskit-info-box-icon text-center\">\n                    <img fetchpriority=\"high\" decoding=\"async\" width=\"512\" height=\"512\" src=\"https:\/\/marrakechdesertspirit.com\/wp-content\/uploads\/2026\/04\/icon-treewhite.png\" class=\"attachment- size-\" alt=\"\" srcset=\"https:\/\/marrakechdesertspirit.com\/wp-content\/uploads\/2026\/04\/icon-treewhite.png 512w, https:\/\/marrakechdesertspirit.com\/wp-content\/uploads\/2026\/04\/icon-treewhite-300x300.png 300w, https:\/\/marrakechdesertspirit.com\/wp-content\/uploads\/2026\/04\/icon-treewhite-150x150.png 150w\" sizes=\"(max-width: 512px) 100vw, 512px\" \/>                <\/div>\n          <\/div>\n                <div class=\"box-body\">\n                            <span class=\"elementskit-info-box-title\">\n                    Ponerse en contacto                <\/span>\n                                            <\/div>\n        \n        \n                <\/div>\n        <\/div>\t\t\t\t<\/div>\n\t\t\t\t<div class=\"elementor-element elementor-element-42caa35 elementor-widget-tablet__width-initial elementor-widget elementor-widget-heading\" data-id=\"42caa35\" data-element_type=\"widget\" data-e-type=\"widget\" data-widget_type=\"heading.default\">\n\t\t\t\t\t<h2 class=\"elementor-heading-title elementor-size-default\">Acerca de Marrakech Desert Spirit<\/h2>\t\t\t\t<\/div>\n\t\t\t\t<div class=\"elementor-element elementor-element-18cfce48 elementor-widget-tablet__width-initial elementor-widget elementor-widget-text-editor\" data-id=\"18cfce48\" data-element_type=\"widget\" data-e-type=\"widget\" data-widget_type=\"text-editor.default\">\n\t\t\t\t\t\t\t\t\t<p data-start=\"105\" data-end=\"385\">Marrakech Desert Spirit est une plateforme d\u00e9di\u00e9e aux exp\u00e9riences authentiques dans le d\u00e9sert d\u2019Agafay, \u00e0 proximit\u00e9 de Marrakech. Nous proposons une large gamme d\u2019activit\u00e9s et de s\u00e9jours permettant de d\u00e9couvrir le d\u00e9sert autrement, entre aventure, d\u00e9tente et immersion culturelle.<\/p><p data-start=\"387\" data-end=\"717\">Nos exp\u00e9riences incluent des activit\u00e9s en quad, buggy, dromadaire et cheval, ainsi que des formules compl\u00e8tes combinant d\u00eener spectacle, coucher de soleil et animations traditionnelles. Nous proposons \u00e9galement des h\u00e9bergements uniques avec suites et d\u00f4mes offrant une vue exceptionnelle sur le d\u00e9sert et les montagnes de l\u2019Atlas.<\/p><p data-start=\"719\" data-end=\"918\">Notre objectif est d\u2019offrir \u00e0 chaque visiteur une exp\u00e9rience m\u00e9morable, encadr\u00e9e par une \u00e9quipe professionnelle, avec un service de qualit\u00e9, une organisation simple et un accompagnement personnalis\u00e9.<\/p>\t\t\t\t\t\t\t\t<\/div>\n\t\t\t\t<\/div>\n\t\t\t\t<div class=\"elementor-element elementor-element-503e7e6a elementor-widget elementor-widget-image\" data-id=\"503e7e6a\" data-element_type=\"widget\" data-e-type=\"widget\" data-widget_type=\"image.default\">\n\t\t\t\t\t\t\t\t\t\t\t\t\t\t\t<img decoding=\"async\" width=\"1800\" height=\"1200\" src=\"https:\/\/marrakechdesertspirit.com\/wp-content\/uploads\/2026\/04\/Untitled-design-7-1-1.png\" class=\"attachment-full size-full wp-image-166\" alt=\"\" srcset=\"https:\/\/marrakechdesertspirit.com\/wp-content\/uploads\/2026\/04\/Untitled-design-7-1-1.png 1800w, https:\/\/marrakechdesertspirit.com\/wp-content\/uploads\/2026\/04\/Untitled-design-7-1-1-300x200.png 300w, https:\/\/marrakechdesertspirit.com\/wp-content\/uploads\/2026\/04\/Untitled-design-7-1-1-1024x683.png 1024w, https:\/\/marrakechdesertspirit.com\/wp-content\/uploads\/2026\/04\/Untitled-design-7-1-1-768x512.png 768w, https:\/\/marrakechdesertspirit.com\/wp-content\/uploads\/2026\/04\/Untitled-design-7-1-1-1536x1024.png 1536w\" sizes=\"(max-width: 1800px) 100vw, 1800px\" \/>\t\t\t\t\t\t\t\t\t\t\t\t\t\t\t<\/div>\n\t\t\t\t\t<\/div>\n\t\t\t\t<\/div>\n\t\t\t\t<\/div>\n\t\t\t\t\t<\/div>\n\t\t\t\t<\/div>\n\t\t\t\t<\/div>\n\t\t\n    <div class=\"xs_social_share_widget xs_share_url after_content \t\tmain_content  wslu-style-1 wslu-share-box-shaped wslu-fill-colored wslu-none wslu-share-horizontal wslu-theme-font-no wslu-main_content\">\n\n\t\t\n        <ul>\n\t\t\t        <\/ul>\n    <\/div>","protected":false},"excerpt":{"rendered":"<p>Contactez-nous Home Contactez T\u00e9l\u00e9phone +212 621 414 282 Email contact@marrakechdesertspirit.com Address marrakech Agafay Entrer en contact \u00c0 propos de Marrakech Desert Spirit Marrakech Desert Spirit est une plateforme d\u00e9di\u00e9e aux exp\u00e9riences authentiques dans le d\u00e9sert d\u2019Agafay, \u00e0 proximit\u00e9 de Marrakech. Nous proposons une large gamme d\u2019activit\u00e9s et de s\u00e9jours permettant de d\u00e9couvrir le d\u00e9sert autrement, [&hellip;]<\/p>\n","protected":false},"author":2,"featured_media":0,"parent":0,"menu_order":0,"comment_status":"closed","ping_status":"closed","template":"","meta":{"postBodyCss":"","postBodyMargin":[],"postBodyPadding":[],"postBodyBackground":{"backgroundType":"classic","gradient":""},"footnotes":""},"class_list":["post-1152","page","type-page","status-publish","hentry"],"_links":{"self":[{"href":"https:\/\/marrakechdesertspirit.com\/es\/wp-json\/wp\/v2\/pages\/1152","targetHints":{"allow":["GET"]}}],"collection":[{"href":"https:\/\/marrakechdesertspirit.com\/es\/wp-json\/wp\/v2\/pages"}],"about":[{"href":"https:\/\/marrakechdesertspirit.com\/es\/wp-json\/wp\/v2\/types\/page"}],"author":[{"embeddable":true,"href":"https:\/\/marrakechdesertspirit.com\/es\/wp-json\/wp\/v2\/users\/2"}],"replies":[{"embeddable":true,"href":"https:\/\/marrakechdesertspirit.com\/es\/wp-json\/wp\/v2\/comments?post=1152"}],"version-history":[{"count":25,"href":"https:\/\/marrakechdesertspirit.com\/es\/wp-json\/wp\/v2\/pages\/1152\/revisions"}],"predecessor-version":[{"id":1589,"href":"https:\/\/marrakechdesertspirit.com\/es\/wp-json\/wp\/v2\/pages\/1152\/revisions\/1589"}],"wp:attachment":[{"href":"https:\/\/marrakechdesertspirit.com\/es\/wp-json\/wp\/v2\/media?parent=1152"}],"curies":[{"name":"wp","href":"https:\/\/api.w.org\/{rel}","templated":true}]}}